{"id":31726,"date":"2023-08-07T16:11:56","date_gmt":"2023-08-07T16:11:56","guid":{"rendered":"https:\/\/bafaparis.fr\/about-us\/"},"modified":"2025-02-08T11:47:54","modified_gmt":"2025-02-08T11:47:54","slug":"about-us","status":"publish","type":"page","link":"https:\/\/bafaparis.fr\/fr\/about-us\/","title":{"rendered":"\u00c0 propos de nous"},"content":{"rendered":"\t\t<div data-elementor-type=\"wp-page\" data-elementor-id=\"31726\" class=\"elementor elementor-31726\">\n\t\t\t\t\t\t<section class=\"elementor-section elementor-top-section elementor-element elementor-element-76efdcf elementor-section-boxed elementor-section-height-default elementor-section-height-default sc_fly_static\" data-id=\"76efdcf\" data-element_type=\"section\">\n\t\t\t\t\t\t<div class=\"elementor-container elementor-column-gap-extended\">\n\t\t\t\t\t<div class=\"elementor-column elementor-col-100 elementor-top-column elementor-element elementor-element-1ef18f3 sc_content_align_inherit sc_layouts_column_icons_position_left sc_fly_static\" data-id=\"1ef18f3\" data-element_type=\"column\">\n\t\t\t<div class=\"elementor-widget-wrap elementor-element-populated\">\n\t\t\t\t\t\t<div class=\"elementor-element elementor-element-ddf2ca7 sc_height_huge sc_fly_static elementor-widget elementor-widget-spacer\" data-id=\"ddf2ca7\" data-element_type=\"widget\" data-widget_type=\"spacer.default\">\n\t\t\t\t<div class=\"elementor-widget-container\">\n\t\t\t\t\t\t\t<div class=\"elementor-spacer\">\n\t\t\t<div class=\"elementor-spacer-inner\"><\/div>\n\t\t<\/div>\n\t\t\t\t\t\t<\/div>\n\t\t\t\t<\/div>\n\t\t\t\t<div data-animation-type=\"block\" class=\"elementor-element elementor-element-6cb5347 animation_type_block sc_fly_static elementor-invisible elementor-widget elementor-widget-trx_sc_title\" data-id=\"6cb5347\" data-element_type=\"widget\" data-settings=\"{&quot;_animation&quot;:&quot;charity-is-hope-fadeinup&quot;}\" data-widget_type=\"trx_sc_title.default\">\n\t\t\t\t<div class=\"elementor-widget-container\">\n\t\t\t\t\t<div\t\tclass=\"sc_title sc_title_default\" ><h3 class=\"sc_item_title sc_title_title sc_align_center sc_item_title_style_default sc_item_title_tag\"\n\t\t\t><span class=\"sc_item_title_text\">Business Association Franco-Arm\u00e9nienne BAFA \n<\/span><\/h3><\/div>\t\t\t\t<\/div>\n\t\t\t\t<\/div>\n\t\t\t\t\t<\/div>\n\t\t<\/div>\n\t\t\t\t\t<\/div>\n\t\t<\/section>\n\t\t\t\t<section class=\"elementor-section elementor-top-section elementor-element elementor-element-c9ad79a elementor-section-boxed elementor-section-height-default elementor-section-height-default sc_fly_static\" data-id=\"c9ad79a\" data-element_type=\"section\">\n\t\t\t\t\t\t<div class=\"elementor-container elementor-column-gap-extended\">\n\t\t\t\t\t<div class=\"elementor-column elementor-col-100 elementor-top-column elementor-element elementor-element-d2a2096 sc_content_align_inherit sc_layouts_column_icons_position_left sc_fly_static\" data-id=\"d2a2096\" data-element_type=\"column\">\n\t\t\t<div class=\"elementor-widget-wrap elementor-element-populated\">\n\t\t\t\t\t\t<div class=\"elementor-element elementor-element-27d64b4 sc_height_huge sc_fly_static elementor-widget elementor-widget-spacer\" data-id=\"27d64b4\" data-element_type=\"widget\" data-widget_type=\"spacer.default\">\n\t\t\t\t<div class=\"elementor-widget-container\">\n\t\t\t\t\t\t\t<div class=\"elementor-spacer\">\n\t\t\t<div class=\"elementor-spacer-inner\"><\/div>\n\t\t<\/div>\n\t\t\t\t\t\t<\/div>\n\t\t\t\t<\/div>\n\t\t\t\t\t<\/div>\n\t\t<\/div>\n\t\t\t\t\t<\/div>\n\t\t<\/section>\n\t\t\t\t<section class=\"elementor-section elementor-top-section elementor-element elementor-element-42d3412 elementor-section-boxed elementor-section-height-default elementor-section-height-default sc_fly_static\" data-id=\"42d3412\" data-element_type=\"section\">\n\t\t\t\t\t\t<div class=\"elementor-container elementor-column-gap-extended\">\n\t\t\t\t\t<div class=\"elementor-column elementor-col-50 elementor-top-column elementor-element elementor-element-5318fbd sc_content_align_inherit sc_layouts_column_icons_position_left sc_fly_static\" data-id=\"5318fbd\" data-element_type=\"column\">\n\t\t\t<div class=\"elementor-widget-wrap elementor-element-populated\">\n\t\t\t\t\t\t<div class=\"elementor-element elementor-element-12a5a11 sc_fly_static elementor-widget elementor-widget-heading\" data-id=\"12a5a11\" data-element_type=\"widget\" data-widget_type=\"heading.default\">\n\t\t\t\t<div class=\"elementor-widget-container\">\n\t\t\t\t\t<h4 class=\"elementor-heading-title elementor-size-default\">\u00c0 propos de nous<\/h4>\t\t\t\t<\/div>\n\t\t\t\t<\/div>\n\t\t\t\t<div data-animation-type=\"block\" class=\"elementor-element elementor-element-1457dc0 animation_type_block sc_fly_static elementor-invisible elementor-widget elementor-widget-text-editor\" data-id=\"1457dc0\" data-element_type=\"widget\" data-settings=\"{&quot;_animation&quot;:&quot;charity-is-hope-fadeinup&quot;,&quot;_animation_delay&quot;:100}\" data-widget_type=\"text-editor.default\">\n\t\t\t\t<div class=\"elementor-widget-container\">\n\t\t\t\t\t\t\t\t\t<p>L&rsquo;Association Franco-Arm\u00e9nienne des Entrepreneurs (BAFA) a \u00e9t\u00e9 fond\u00e9e en<br \/>2024, conform\u00e9ment \u00e0 la l\u00e9gislation de la R\u00e9publique Fran\u00e7aise. Cr\u00e9\u00e9e par<br \/>Valentina Boivin, Anna Vlasyan et Suzanna Grigoryan, figures reconnues du<br \/>monde des affaires, l\u2019association repose sur leur exp\u00e9rience et leur engagement<br \/>\u00e0 promouvoir et d\u00e9velopper les relations \u00e9conomiques franco-arm\u00e9niennes.<br \/>Elles ont su, au fil des ann\u00e9es, jouer un r\u00f4le central dans le renforcement de ces<br \/>liens.<\/p>\t\t\t\t\t\t\t\t<\/div>\n\t\t\t\t<\/div>\n\t\t\t\t<div class=\"elementor-element elementor-element-631f9ee sc_fly_static elementor-widget elementor-widget-heading\" data-id=\"631f9ee\" data-element_type=\"widget\" data-widget_type=\"heading.default\">\n\t\t\t\t<div class=\"elementor-widget-container\">\n\t\t\t\t\t<h4 class=\"elementor-heading-title elementor-size-default\">Objectif<\/h4>\t\t\t\t<\/div>\n\t\t\t\t<\/div>\n\t\t\t\t<div data-animation-type=\"block\" class=\"elementor-element elementor-element-abcb2c4 animation_type_block sc_fly_static elementor-invisible elementor-widget elementor-widget-text-editor\" data-id=\"abcb2c4\" data-element_type=\"widget\" data-settings=\"{&quot;_animation&quot;:&quot;charity-is-hope-fadeinup&quot;,&quot;_animation_delay&quot;:100}\" data-widget_type=\"text-editor.default\">\n\t\t\t\t<div class=\"elementor-widget-container\">\n\t\t\t\t\t\t\t\t\t<p>L&rsquo;Association Franco-Arm\u00e9nienne des Entrepreneurs a pour vocation de<br \/>rassembler la diaspora arm\u00e9nienne \u00e0 travers le monde, tout en favorisant un<br \/>dialogue \u00e9conomique approfondi entre les entrepreneurs arm\u00e9niens et leurs<br \/>homologues internationaux. BAFA se positionne comme un v\u00e9ritable pont entre<br \/>l\u2019Arm\u00e9nie et la diaspora, encourageant une coop\u00e9ration multisectorielle. Ce<br \/>projet ambitieux se concr\u00e9tisera \u00e0 travers des forums sp\u00e9cialis\u00e9s dans des<br \/>domaines vari\u00e9s tels que l\u2019\u00e9conomie, l\u2019\u00e9ducation, la sant\u00e9, la culture, les<br \/>technologies innovantes ou encore la mode, afin d\u2019inspirer et de soutenir<br \/>l\u2019\u00e9volution de ces secteurs.<\/p>\t\t\t\t\t\t\t\t<\/div>\n\t\t\t\t<\/div>\n\t\t\t\t\t<\/div>\n\t\t<\/div>\n\t\t\t\t<div class=\"elementor-column elementor-col-50 elementor-top-column elementor-element elementor-element-f655f1f sc_content_align_inherit sc_layouts_column_icons_position_left sc_fly_static\" data-id=\"f655f1f\" data-element_type=\"column\">\n\t\t\t<div class=\"elementor-widget-wrap elementor-element-populated\">\n\t\t\t\t\t\t<div class=\"elementor-element elementor-element-bfcbaaf sc_fly_static elementor-widget elementor-widget-image\" data-id=\"bfcbaaf\" data-element_type=\"widget\" data-widget_type=\"image.default\">\n\t\t\t\t<div class=\"elementor-widget-container\">\n\t\t\t\t\t\t\t\t\t\t\t\t\t\t\t<img alt=\"\" fetchpriority=\"high\" decoding=\"async\" width=\"5120\" height=\"3600\" src=\"https:\/\/bafaparis.fr\/wp-content\/uploads\/2025\/02\/Bafa.png\" class=\"attachment-full size-full wp-image-31925\" alt=\"\" srcset=\"https:\/\/bafaparis.fr\/wp-content\/uploads\/2025\/02\/Bafa.png 5120w, https:\/\/bafaparis.fr\/wp-content\/uploads\/2025\/02\/Bafa-300x211.png 300w, https:\/\/bafaparis.fr\/wp-content\/uploads\/2025\/02\/Bafa-1024x720.png 1024w, https:\/\/bafaparis.fr\/wp-content\/uploads\/2025\/02\/Bafa-768x540.png 768w, https:\/\/bafaparis.fr\/wp-content\/uploads\/2025\/02\/Bafa-1536x1080.png 1536w, https:\/\/bafaparis.fr\/wp-content\/uploads\/2025\/02\/Bafa-2048x1440.png 2048w, https:\/\/bafaparis.fr\/wp-content\/uploads\/2025\/02\/Bafa-370x260.png 370w, https:\/\/bafaparis.fr\/wp-content\/uploads\/2025\/02\/Bafa-840x591.png 840w, https:\/\/bafaparis.fr\/wp-content\/uploads\/2025\/02\/Bafa-410x288.png 410w, https:\/\/bafaparis.fr\/wp-content\/uploads\/2025\/02\/Bafa-600x422.png 600w\" sizes=\"(max-width: 5120px) 100vw, 5120px\" \/>\t\t\t\t\t\t\t\t\t\t\t\t\t\t\t<\/div>\n\t\t\t\t<\/div>\n\t\t\t\t\t<\/div>\n\t\t<\/div>\n\t\t\t\t\t<\/div>\n\t\t<\/section>\n\t\t\t\t<section class=\"elementor-section elementor-top-section elementor-element elementor-element-7e02757 elementor-section-boxed elementor-section-height-default elementor-section-height-default sc_fly_static\" data-id=\"7e02757\" data-element_type=\"section\">\n\t\t\t\t\t\t<div class=\"elementor-container elementor-column-gap-extended\">\n\t\t\t\t\t<div class=\"elementor-column elementor-col-100 elementor-top-column elementor-element elementor-element-2f39eba sc_content_align_inherit sc_layouts_column_icons_position_left sc_fly_static\" data-id=\"2f39eba\" data-element_type=\"column\">\n\t\t\t<div class=\"elementor-widget-wrap elementor-element-populated\">\n\t\t\t\t\t\t<div class=\"elementor-element elementor-element-3f6c9da sc_height_huge sc_fly_static elementor-widget elementor-widget-spacer\" data-id=\"3f6c9da\" data-element_type=\"widget\" data-widget_type=\"spacer.default\">\n\t\t\t\t<div class=\"elementor-widget-container\">\n\t\t\t\t\t\t\t<div class=\"elementor-spacer\">\n\t\t\t<div class=\"elementor-spacer-inner\"><\/div>\n\t\t<\/div>\n\t\t\t\t\t\t<\/div>\n\t\t\t\t<\/div>\n\t\t\t\t\t<\/div>\n\t\t<\/div>\n\t\t\t\t\t<\/div>\n\t\t<\/section>\n\t\t\t\t<section class=\"elementor-section elementor-top-section elementor-element elementor-element-2519d46 elementor-section-boxed elementor-section-height-default elementor-section-height-default sc_fly_static\" data-id=\"2519d46\" data-element_type=\"section\">\n\t\t\t\t\t\t<div class=\"elementor-container elementor-column-gap-extended\">\n\t\t\t\t\t<div class=\"elementor-column elementor-col-50 elementor-top-column elementor-element elementor-element-2b6903a sc_content_align_inherit sc_layouts_column_icons_position_left sc_fly_static\" data-id=\"2b6903a\" data-element_type=\"column\">\n\t\t\t<div class=\"elementor-widget-wrap elementor-element-populated\">\n\t\t\t\t\t\t<div class=\"elementor-element elementor-element-d4af2db sc_fly_static elementor-widget elementor-widget-image\" data-id=\"d4af2db\" data-element_type=\"widget\" data-widget_type=\"image.default\">\n\t\t\t\t<div class=\"elementor-widget-container\">\n\t\t\t\t\t\t\t\t\t\t\t\t\t\t\t<img decoding=\"async\" src=\"https:\/\/bafaparis.fr\/wp-content\/uploads\/elementor\/thumbs\/IMG_9353-rj763x67jr0jle5sphqpm0l31o6m8rmii2gsnvrmn2.png\" title=\"IMG_9353\" alt=\"IMG_9353\" loading=\"lazy\" \/>\t\t\t\t\t\t\t\t\t\t\t\t\t\t\t<\/div>\n\t\t\t\t<\/div>\n\t\t\t\t\t<\/div>\n\t\t<\/div>\n\t\t\t\t<div class=\"elementor-column elementor-col-50 elementor-top-column elementor-element elementor-element-d1889a5 sc_content_align_inherit sc_layouts_column_icons_position_left sc_fly_static\" data-id=\"d1889a5\" data-element_type=\"column\">\n\t\t\t<div class=\"elementor-widget-wrap elementor-element-populated\">\n\t\t\t\t\t\t<div class=\"elementor-element elementor-element-b826837 sc_fly_static elementor-widget elementor-widget-heading\" data-id=\"b826837\" data-element_type=\"widget\" data-widget_type=\"heading.default\">\n\t\t\t\t<div class=\"elementor-widget-container\">\n\t\t\t\t\t<h4 class=\"elementor-heading-title elementor-size-default\">Mission<\/h4>\t\t\t\t<\/div>\n\t\t\t\t<\/div>\n\t\t\t\t<div data-animation-type=\"block\" class=\"elementor-element elementor-element-9618b7f animation_type_block sc_fly_static elementor-invisible elementor-widget elementor-widget-text-editor\" data-id=\"9618b7f\" data-element_type=\"widget\" data-settings=\"{&quot;_animation&quot;:&quot;charity-is-hope-fadeinup&quot;,&quot;_animation_delay&quot;:100}\" data-widget_type=\"text-editor.default\">\n\t\t\t\t<div class=\"elementor-widget-container\">\n\t\t\t\t\t\t\t\t\t<p>La mission de BAFA est de promouvoir les entreprises arm\u00e9niennes, qu\u2019elles<br \/>soient grandes, moyennes ou petites, sur la sc\u00e8ne internationale. Elle s\u2019engage \u00e0<br \/>cr\u00e9er un \u00e9cosyst\u00e8me favorable \u00e0 leur d\u00e9veloppement durable et \u00e0 des<br \/>collaborations fructueuses \u00e0 long terme. BAFA se donne pour objectif de<br \/>f\u00e9d\u00e9rer les acteurs \u00e9conomiques, tant en Arm\u00e9nie qu\u2019\u00e0 l\u2019\u00e9tranger, facilitant ainsi<br \/>les \u00e9changes entre entreprises locales et multinationales<\/p>\t\t\t\t\t\t\t\t<\/div>\n\t\t\t\t<\/div>\n\t\t\t\t\t<\/div>\n\t\t<\/div>\n\t\t\t\t\t<\/div>\n\t\t<\/section>\n\t\t\t\t<section class=\"elementor-section elementor-top-section elementor-element elementor-element-eecb017 elementor-section-boxed elementor-section-height-default elementor-section-height-default sc_fly_static\" data-id=\"eecb017\" data-element_type=\"section\">\n\t\t\t\t\t\t<div class=\"elementor-container elementor-column-gap-extended\">\n\t\t\t\t\t<div class=\"elementor-column elementor-col-100 elementor-top-column elementor-element elementor-element-85aeea7 sc_content_align_inherit sc_layouts_column_icons_position_left sc_fly_static\" data-id=\"85aeea7\" data-element_type=\"column\">\n\t\t\t<div class=\"elementor-widget-wrap elementor-element-populated\">\n\t\t\t\t\t\t<div class=\"elementor-element elementor-element-cb7b768 sc_height_huge sc_fly_static elementor-widget elementor-widget-spacer\" data-id=\"cb7b768\" data-element_type=\"widget\" data-widget_type=\"spacer.default\">\n\t\t\t\t<div class=\"elementor-widget-container\">\n\t\t\t\t\t\t\t<div class=\"elementor-spacer\">\n\t\t\t<div class=\"elementor-spacer-inner\"><\/div>\n\t\t<\/div>\n\t\t\t\t\t\t<\/div>\n\t\t\t\t<\/div>\n\t\t\t\t\t<\/div>\n\t\t<\/div>\n\t\t\t\t\t<\/div>\n\t\t<\/section>\n\t\t\t\t<section class=\"elementor-section elementor-top-section elementor-element elementor-element-40de249 elementor-section-boxed elementor-section-height-default elementor-section-height-default sc_fly_static\" data-id=\"40de249\" data-element_type=\"section\">\n\t\t\t\t\t\t<div class=\"elementor-container elementor-column-gap-extended\">\n\t\t\t\t\t<div class=\"elementor-column elementor-col-100 elementor-top-column elementor-element elementor-element-02544c9 sc_content_align_inherit sc_layouts_column_icons_position_left sc_fly_static\" data-id=\"02544c9\" data-element_type=\"column\">\n\t\t\t<div class=\"elementor-widget-wrap elementor-element-populated\">\n\t\t\t\t\t\t<div class=\"elementor-element elementor-element-c976ab1 sc_fly_static elementor-widget elementor-widget-heading\" data-id=\"c976ab1\" data-element_type=\"widget\" data-widget_type=\"heading.default\">\n\t\t\t\t<div class=\"elementor-widget-container\">\n\t\t\t\t\t<h5 class=\"elementor-heading-title elementor-size-default\">Les principales missions de BAFA incluent : \n<\/h5>\t\t\t\t<\/div>\n\t\t\t\t<\/div>\n\t\t\t\t<div data-animation-type=\"block\" class=\"elementor-element elementor-element-e9cd504 animation_type_block sc_fly_static elementor-invisible elementor-widget elementor-widget-text-editor\" data-id=\"e9cd504\" data-element_type=\"widget\" data-settings=\"{&quot;_animation&quot;:&quot;charity-is-hope-fadeinup&quot;,&quot;_animation_delay&quot;:100}\" data-widget_type=\"text-editor.default\">\n\t\t\t\t<div class=\"elementor-widget-container\">\n\t\t\t\t\t\t\t\t\t<p><img decoding=\"async\" class=\"emoji\" role=\"img\" draggable=\"false\" src=\"https:\/\/s.w.org\/images\/core\/emoji\/15.0.3\/svg\/25ab.svg\" alt=\"\u25ab\" \/> Accompagner les entreprises arm\u00e9niennes, en particulier les soci\u00e9t\u00e9s par actions, dans leur expansion sur les march\u00e9s internationaux, en offrant un appui strat\u00e9gique et op\u00e9rationnel.<br \/><img decoding=\"async\" class=\"emoji\" role=\"img\" draggable=\"false\" src=\"https:\/\/s.w.org\/images\/core\/emoji\/15.0.3\/svg\/25ab.svg\" alt=\"\u25ab\" \/> Fournir des analyses approfondies et des conseils cibl\u00e9s sur les caract\u00e9ristiques des march\u00e9s \u00e9trangers et r\u00e9gionaux, ainsi que sur leurs priorit\u00e9s strat\u00e9giques.<br \/><img decoding=\"async\" class=\"emoji\" role=\"img\" draggable=\"false\" src=\"https:\/\/s.w.org\/images\/core\/emoji\/15.0.3\/svg\/25ab.svg\" alt=\"\u25ab\" \/> Faciliter la mise en relation avec des partenaires fiables et reconnus dans diff\u00e9rents secteurs, offrir une m\u00e9diation professionnelle selon les normes internationales, et ouvrir l\u2019acc\u00e8s aux march\u00e9s mondiaux.<br \/><img decoding=\"async\" class=\"emoji\" role=\"img\" draggable=\"false\" src=\"https:\/\/s.w.org\/images\/core\/emoji\/15.0.3\/svg\/25ab.svg\" alt=\"\u25ab\" \/> Apporter un soutien personnalis\u00e9 lors d\u2019\u00e9v\u00e9nements, salons ou expositions, et accompagner la cr\u00e9ation et la promotion d\u2019une marque distinctive, tant en Arm\u00e9nie qu\u2019en France.<br \/><img decoding=\"async\" class=\"emoji\" role=\"img\" draggable=\"false\" src=\"https:\/\/s.w.org\/images\/core\/emoji\/15.0.3\/svg\/25ab.svg\" alt=\"\u25ab\" \/> \u00c9laborer des strat\u00e9gies d\u2019exportation sur mesure, recueillir les documents n\u00e9cessaires pour obtenir des financements internationaux, et assister les entreprises dans la n\u00e9gociation et la signature de contrats avec des partenaires \u00e9trangers, tout en assurant le suivi et le succ\u00e8s des collaborations \u00e0 long terme.<\/p><p>BAFA aspire \u00e0 devenir un acteur cl\u00e9 du d\u00e9veloppement \u00e9conomique arm\u00e9nien \u00e0 l\u2019\u00e9chelle internationale, en catalysant des synergies porteuses entre l\u2019Arm\u00e9nie et la diaspora.<\/p>\t\t\t\t\t\t\t\t<\/div>\n\t\t\t\t<\/div>\n\t\t\t\t\t<\/div>\n\t\t<\/div>\n\t\t\t\t\t<\/div>\n\t\t<\/section>\n\t\t\t\t<section class=\"elementor-section elementor-top-section elementor-element elementor-element-a9cd154 elementor-section-boxed elementor-section-height-default elementor-section-height-default sc_fly_static\" data-id=\"a9cd154\" data-element_type=\"section\">\n\t\t\t\t\t\t<div class=\"elementor-container elementor-column-gap-extended\">\n\t\t\t\t\t<div class=\"elementor-column elementor-col-100 elementor-top-column elementor-element elementor-element-3b6ab1a sc_content_align_inherit sc_layouts_column_icons_position_left sc_fly_static\" data-id=\"3b6ab1a\" data-element_type=\"column\">\n\t\t\t<div class=\"elementor-widget-wrap elementor-element-populated\">\n\t\t\t\t\t\t<div class=\"elementor-element elementor-element-67ec8de sc_height_huge sc_fly_static elementor-widget elementor-widget-spacer\" data-id=\"67ec8de\" data-element_type=\"widget\" data-widget_type=\"spacer.default\">\n\t\t\t\t<div class=\"elementor-widget-container\">\n\t\t\t\t\t\t\t<div class=\"elementor-spacer\">\n\t\t\t<div class=\"elementor-spacer-inner\"><\/div>\n\t\t<\/div>\n\t\t\t\t\t\t<\/div>\n\t\t\t\t<\/div>\n\t\t\t\t\t<\/div>\n\t\t<\/div>\n\t\t\t\t\t<\/div>\n\t\t<\/section>\n\t\t\t\t<\/div>\n\t\t","protected":false},"excerpt":{"rendered":"<p>Business Association Franco-Arm\u00e9nienne BAFA \u00c0 propos de nous L&rsquo;Association Franco-Arm\u00e9nienne des Entrepreneurs (BAFA) a \u00e9t\u00e9 fond\u00e9e en2024, conform\u00e9ment \u00e0 la l\u00e9gislation de la R\u00e9publique Fran\u00e7aise. Cr\u00e9\u00e9e parValentina Boivin, Anna Vlasyan&hellip;<\/p>\n","protected":false},"author":1,"featured_media":0,"parent":0,"menu_order":0,"comment_status":"closed","ping_status":"closed","template":"","meta":{"_seopress_robots_primary_cat":"","_seopress_titles_title":"","_seopress_titles_desc":"","_seopress_robots_index":"","footnotes":""},"class_list":["post-31726","page","type-page","status-publish","hentry"],"_links":{"self":[{"href":"https:\/\/bafaparis.fr\/fr\/wp-json\/wp\/v2\/pages\/31726","targetHints":{"allow":["GET"]}}],"collection":[{"href":"https:\/\/bafaparis.fr\/fr\/wp-json\/wp\/v2\/pages"}],"about":[{"href":"https:\/\/bafaparis.fr\/fr\/wp-json\/wp\/v2\/types\/page"}],"author":[{"embeddable":true,"href":"https:\/\/bafaparis.fr\/fr\/wp-json\/wp\/v2\/users\/1"}],"replies":[{"embeddable":true,"href":"https:\/\/bafaparis.fr\/fr\/wp-json\/wp\/v2\/comments?post=31726"}],"version-history":[{"count":29,"href":"https:\/\/bafaparis.fr\/fr\/wp-json\/wp\/v2\/pages\/31726\/revisions"}],"predecessor-version":[{"id":31934,"href":"https:\/\/bafaparis.fr\/fr\/wp-json\/wp\/v2\/pages\/31726\/revisions\/31934"}],"wp:attachment":[{"href":"https:\/\/bafaparis.fr\/fr\/wp-json\/wp\/v2\/media?parent=31726"}],"curies":[{"name":"wp","href":"https:\/\/api.w.org\/{rel}","templated":true}]}}